{"id":743,"date":"2025-02-22T11:50:04","date_gmt":"2025-02-22T10:50:04","guid":{"rendered":"https:\/\/rier.server142.com\/produc\/"},"modified":"2025-05-27T15:57:48","modified_gmt":"2025-05-27T13:57:48","slug":"produc","status":"publish","type":"page","link":"https:\/\/www.rier.it\/ld\/produc\/","title":{"rendered":"Produc"},"content":{"rendered":"<p>[et_pb_section fb_built=&#8221;1&#8243; _builder_version=&#8221;4.27.4&#8243; _module_preset=&#8221;default&#8221; min_height_tablet=&#8221;&#8221; min_height_phone=&#8221;&#8221; min_height_last_edited=&#8221;on|phone&#8221; custom_margin=&#8221;-174px||0px||false|false&#8221; custom_padding=&#8221;0px||0px||false|false&#8221; global_colors_info=&#8221;{}&#8221;][et_pb_row use_custom_gutter=&#8221;on&#8221; gutter_width=&#8221;1&#8243; make_equal=&#8221;on&#8221; _builder_version=&#8221;4.27.4&#8243; _module_preset=&#8221;default&#8221; background_color=&#8221;RGBA(255,255,255,0)&#8221; width=&#8221;100vw&#8221; max_width=&#8221;100vw&#8221; custom_margin=&#8221;0px||||false|false&#8221; custom_margin_tablet=&#8221;auto||||false|false&#8221; custom_margin_phone=&#8221;auto||||false|false&#8221; custom_margin_last_edited=&#8221;on|phone&#8221; custom_padding=&#8221;0px||0px||false|false&#8221; global_colors_info=&#8221;{}&#8221;][et_pb_column type=&#8221;4_4&#8243; _builder_version=&#8221;4.27.4&#8243; _module_preset=&#8221;default&#8221; background_color=&#8221;RGBA(255,255,255,0)&#8221; custom_css_main_element=&#8221;width: 100%!important;&#8221; global_colors_info=&#8221;{}&#8221;][et_pb_slider use_bg_overlay=&#8221;on&#8221; bg_overlay_color=&#8221;rgba(43,31,29,0.4)&#8221; _builder_version=&#8221;4.27.4&#8243; _module_preset=&#8221;default&#8221; header_font=&#8221;|700|||||||&#8221; header_text_align=&#8221;left&#8221; header_font_size=&#8221;65px&#8221; body_text_align=&#8221;left&#8221; body_font_size=&#8221;33px&#8221; min_height_tablet=&#8221;&#8221; min_height_phone=&#8221;&#8221; min_height_last_edited=&#8221;on|phone&#8221; height_tablet=&#8221;&#8221; height_phone=&#8221;&#8221; height_last_edited=&#8221;on|tablet&#8221; animation_style=&#8221;flip&#8221; auto=&#8221;on&#8221; auto_ignore_hover=&#8221;on&#8221; header_font_size_tablet=&#8221;55px&#8221; header_font_size_phone=&#8221;45px&#8221; header_font_size_last_edited=&#8221;on|phone&#8221; body_font_size_tablet=&#8221;30px&#8221; body_font_size_phone=&#8221;20px&#8221; body_font_size_last_edited=&#8221;on|tablet&#8221; body_text_shadow_style=&#8221;preset2&#8243; global_colors_info=&#8221;{}&#8221;][et_pb_slide heading=&#8221;N\u00fcsc produc&#8221; _builder_version=&#8221;4.27.4&#8243; _module_preset=&#8221;default&#8221; background_image=&#8221;http:\/\/166106.web.zcom.it\/wp-content\/uploads\/2025\/02\/wald_LMG_240919-Rier-222-1.jpg&#8221; background_enable_image=&#8221;on&#8221; custom_padding=&#8221;||||false|false&#8221; custom_padding_tablet=&#8221;300px||||false|false&#8221; custom_padding_phone=&#8221;300px||||false|false&#8221; custom_padding_last_edited=&#8221;on|phone&#8221; global_colors_info=&#8221;{}&#8221; sticky_transition=&#8221;on&#8221;]<\/p>\n<p>gestiun familiara. sostignibl. unich.<\/p>\n<p>[\/et_pb_slide][\/et_pb_slider][\/et_pb_column][\/et_pb_row][\/et_pb_section][et_pb_section fb_built=&#8221;1&#8243; _builder_version=&#8221;4.27.4&#8243; _module_preset=&#8221;default&#8221; background_color=&#8221;#2B1F1D&#8221; background_enable_image=&#8221;off&#8221; background_size=&#8221;contain&#8221; background_position=&#8221;center_right&#8221; background_horizontal_offset=&#8221;-13%&#8221; custom_margin=&#8221;||||false|false&#8221; custom_padding=&#8221;100px||1px||false|false&#8221; global_colors_info=&#8221;{}&#8221;][et_pb_row column_structure=&#8221;3_4,1_4&#8243; _builder_version=&#8221;4.27.4&#8243; _module_preset=&#8221;default&#8221; global_colors_info=&#8221;{}&#8221;][et_pb_column type=&#8221;3_4&#8243; _builder_version=&#8221;4.27.4&#8243; _module_preset=&#8221;default&#8221; global_colors_info=&#8221;{}&#8221;][et_pb_text _builder_version=&#8221;4.27.4&#8243; _module_preset=&#8221;default&#8221; header_line_height=&#8221;1.3em&#8221; header_5_line_height=&#8221;2.1em&#8221; background_layout=&#8221;dark&#8221; width_tablet=&#8221;100%&#8221; width_phone=&#8221;100%&#8221; width_last_edited=&#8221;on|phone&#8221; module_alignment=&#8221;left&#8221; scroll_fade_enable=&#8221;on&#8221; scroll_fade=&#8221;0|50|50|100|0|50%|100&#8243; motion_trigger_start=&#8221;top&#8221; text_font_size_tablet=&#8221;&#8221; text_font_size_phone=&#8221;17px&#8221; text_font_size_last_edited=&#8221;on|phone&#8221; global_colors_info=&#8221;{}&#8221;]<\/p>\n<h5>Dal bosch cina al\u2019abitaziun<\/h5>\n<p><\/p>\n<h1>Lersc, peci\u00f3, cier y pinch<\/h1>\n<p><\/p>\n<p>Nos de Rier Holz laurun s\u00f6 l\u00ebgn da odlagn de gran cualit\u00e9 y regional y I pitun soluziuns individuales por le boj\u00ebgn di laurs da zumprad\u00fa. Nosc sortim\u00ebnt tol ite l\u00ebgn massif y d\u2019intai sci\u00f6che br\u00ebies frontales, taflad\u00f6res groies, lates de vigni sort y br\u00ebies por sigh\u00e9 ite, sci\u00f6che ince lignan plan\u00e9 coche br\u00ebies da profil y br\u00ebies da terassa. L\u2019oferta v\u00ebgn completada cun l\u00ebgn da costruziun sci\u00f6che bilam (lignan incol\u00e9 a dui strac), lignan da cornisc, KVH (lignan da costruziun massif), plates de ziplad\u00f6ra, sci\u00f6che ince materiai de confezionam\u00ebnt coche cass\u00ebtes de l\u00ebgn y paletes.<\/p>\n<p><\/p>\n<p>N gran valur ti dunse al\u2019adoranza de lignan de lersc dl post che v\u00ebgn aprij\u00e9 por s\u00fca dorada lungia y s\u00fca estetica. Tres l\u2019adoranza de tecniches de lauraziun modernes y la cumpra de nosc lignan tla regiun, ne sostignunse nia ma l\u2019economia locala, mo i smendriun ince les vies de trasport y i impac ambientai.<\/p>\n<p><\/p>\n<p>Dilan a n\u00fcsc <strong>prozesc de produziun flessibli<\/strong> sunse bugn da realis\u00e9 dejiders individuai da pert di cli\u00ebnc te na manira efizi\u00ebnta y da ofr\u00ed soluziuns cun l\u00ebgn s\u00f6n mos\u00f6ra por vigni ghiranza.<\/p>\n<p>[\/et_pb_text][\/et_pb_column][et_pb_column type=&#8221;1_4&#8243; _builder_version=&#8221;4.27.4&#8243; _module_preset=&#8221;default&#8221; z_index=&#8221;1&#8243; global_colors_info=&#8221;{}&#8221;][et_pb_image src=&#8221;http:\/\/166106.web.zcom.it\/wp-content\/uploads\/2025\/02\/button-r-dark_transparent.png&#8221; title_text=&#8221;button-r-dark_transparent&#8221; _builder_version=&#8221;4.27.4&#8243; _module_preset=&#8221;default&#8221; width_tablet=&#8221;30%&#8221; width_phone=&#8221;30%&#8221; width_last_edited=&#8221;on|phone&#8221; scroll_vertical_motion_enable=&#8221;on&#8221; scroll_vertical_motion=&#8221;0|50|50|100|-2|0|2&#8243; module_alignment_tablet=&#8221;right&#8221; module_alignment_phone=&#8221;right&#8221; module_alignment_last_edited=&#8221;on|phone&#8221; global_colors_info=&#8221;{}&#8221;][\/et_pb_image][\/et_pb_column][\/et_pb_row][\/et_pb_section][et_pb_section fb_built=&#8221;1&#8243; _builder_version=&#8221;4.27.4&#8243; _module_preset=&#8221;default&#8221; background_color=&#8221;#2B1F1D&#8221; global_colors_info=&#8221;{}&#8221;][et_pb_row _builder_version=&#8221;4.27.4&#8243; _module_preset=&#8221;default&#8221; scroll_fade_enable=&#8221;on&#8221; global_colors_info=&#8221;{}&#8221;][et_pb_column type=&#8221;4_4&#8243; _builder_version=&#8221;4.27.4&#8243; _module_preset=&#8221;default&#8221; global_colors_info=&#8221;{}&#8221;][et_pb_text _builder_version=&#8221;4.27.4&#8243; _module_preset=&#8221;default&#8221; header_2_text_color=&#8221;#D36614&#8243; text_orientation=&#8221;center&#8221; background_layout=&#8221;dark&#8221; global_colors_info=&#8221;{}&#8221;]<\/p>\n<h2>Sorts de l\u00ebgn &amp; produc s\u00f6n chi che i sun spezialis\u00e1<\/h2>\n<p>[\/et_pb_text][\/et_pb_column][\/et_pb_row][et_pb_row column_structure=&#8221;1_4,1_4,1_4,1_4&#8243; module_class=&#8221;two-col-mob&#8221; _builder_version=&#8221;4.27.4&#8243; _module_preset=&#8221;default&#8221; width=&#8221;90%&#8221; scroll_fade_enable=&#8221;on&#8221; scroll_fade=&#8221;0|50|50|100|0|50%|100&#8243; motion_trigger_start=&#8221;top&#8221; global_colors_info=&#8221;{}&#8221;][et_pb_column type=&#8221;1_4&#8243; _builder_version=&#8221;4.27.4&#8243; _module_preset=&#8221;default&#8221; global_colors_info=&#8221;{}&#8221;][et_pb_blurb title=&#8221;Lersc (Larix Decidua)&#8221; image=&#8221;http:\/\/166106.web.zcom.it\/wp-content\/uploads\/2025\/02\/holzarten_LMG_240919-Rier-137.jpg&#8221; _builder_version=&#8221;4.27.4&#8243; _module_preset=&#8221;default&#8221; header_text_align=&#8221;left&#8221; body_text_align=&#8221;left&#8221; text_orientation=&#8221;center&#8221; background_layout=&#8221;dark&#8221; global_colors_info=&#8221;{}&#8221;]<\/p>\n<ul>\n<li>Lignan scadr\u00e9<\/li>\n<li>Lignan tai\u00e9 da d\u00f6es costes grou\/plan\u00e9<\/li>\n<li>Lignan d\u2018intai te largh\u00ebzes desvalies<\/li>\n<li>Br\u00ebies z\u00ebnza scorza y taiades da cater perts<\/li>\n<li>Lates de vigni sort y mos\u00f6ra<\/li>\n<li>Br\u00ebies por taflad\u00f6res groies<\/li>\n<li>Br\u00ebies da funz (da incastr\u00e9)<\/li>\n<li>Br\u00ebies da par\u00ebi (da incastr\u00e9)<\/li>\n<li>Br\u00ebies por taflad\u00f6res rodoses<\/li>\n<li>Br\u00ebies cun crazades (por terasses)<\/li>\n<li>Bilam (lignan incol\u00e9 a dui strac)<\/li>\n<\/ul>\n<p>[\/et_pb_blurb][\/et_pb_column][et_pb_column type=&#8221;1_4&#8243; _builder_version=&#8221;4.27.4&#8243; _module_preset=&#8221;default&#8221; global_colors_info=&#8221;{}&#8221;][et_pb_blurb title=&#8221;Peci\u00f3 (Picea Abies)&#8221; image=&#8221;http:\/\/166106.web.zcom.it\/wp-content\/uploads\/2025\/02\/holzarten_LMG_240919-Rier-136.jpg&#8221; _builder_version=&#8221;4.27.4&#8243; _module_preset=&#8221;default&#8221; header_text_align=&#8221;left&#8221; body_text_align=&#8221;left&#8221; text_orientation=&#8221;center&#8221; background_layout=&#8221;dark&#8221; global_colors_info=&#8221;{}&#8221;]<\/p>\n<ul>\n<li>Lignan scadr\u00e9<\/li>\n<li>Lignan tai\u00e9 da d\u00f6es costes grou\/plan\u00e9<\/li>\n<li>Lignan d\u2018intai te largh\u00ebzes desvalies  <\/li>\n<li>Lates de vigni sort y mos\u00f6ra<\/li>\n<li>Br\u00ebies por taflad\u00f6res groies<\/li>\n<li>Br\u00ebies da funz (da incastr\u00e9)<\/li>\n<li>Br\u00ebies da par\u00ebi (da incastr\u00e9)<\/li>\n<li>Br\u00ebies por taflad\u00f6res rodoses<\/li>\n<li>Bilam (lignan incol\u00e9 a dui strac)<\/li>\n<li>Lignan KVH (lignan da costruziun massif)<\/li>\n<li>Lignan da cornisc <\/li>\n<\/ul>\n<p>[\/et_pb_blurb][\/et_pb_column][et_pb_column type=&#8221;1_4&#8243; _builder_version=&#8221;4.27.4&#8243; _module_preset=&#8221;default&#8221; global_colors_info=&#8221;{}&#8221;][et_pb_blurb title=&#8221;Cier (Pinus Cembra)&#8221; image=&#8221;http:\/\/166106.web.zcom.it\/wp-content\/uploads\/2025\/02\/holzarten_LMG_240919-Rier-138.jpg&#8221; _builder_version=&#8221;4.27.4&#8243; _module_preset=&#8221;default&#8221; header_text_align=&#8221;left&#8221; body_text_align=&#8221;left&#8221; text_orientation=&#8221;center&#8221; background_layout=&#8221;dark&#8221; global_colors_info=&#8221;{}&#8221;]<\/p>\n<ul>\n<li>Lignan scadr\u00e9<\/li>\n<li>Lignan tai\u00e9 da d\u00f6es costes grou\/plan\u00e9<\/li>\n<li>Br\u00ebies z\u00ebnza scorza y taiades da cater perts<\/li>\n<li>Br\u00ebies cun scorza y taiades da d\u00f6es perts<\/li>\n<\/ul>\n<p>[\/et_pb_blurb][\/et_pb_column][et_pb_column type=&#8221;1_4&#8243; _builder_version=&#8221;4.27.4&#8243; _module_preset=&#8221;default&#8221; global_colors_info=&#8221;{}&#8221;][et_pb_blurb title=&#8221;Pinch&#8221; image=&#8221;https:\/\/www.rier.it\/wp-content\/uploads\/2025\/05\/holzarten_250512-Rier-8.jpg&#8221; _builder_version=&#8221;4.27.4&#8243; _module_preset=&#8221;default&#8221; header_text_align=&#8221;left&#8221; body_text_align=&#8221;left&#8221; text_orientation=&#8221;center&#8221; background_layout=&#8221;dark&#8221; hover_enabled=&#8221;0&#8243; global_colors_info=&#8221;{}&#8221; title_text=&#8221;holzarten_250512-Rier-8&#8243; sticky_enabled=&#8221;0&#8243;]<\/p>\n<ul>\n<li>Lignan scadr\u00e9<\/li>\n<li>Lignan grou\/plane<\/li>\n<\/ul>\n<p>[\/et_pb_blurb][\/et_pb_column][\/et_pb_row][et_pb_row _builder_version=&#8221;4.27.4&#8243; _module_preset=&#8221;default&#8221; global_colors_info=&#8221;{}&#8221;][et_pb_column type=&#8221;4_4&#8243; _builder_version=&#8221;4.27.4&#8243; _module_preset=&#8221;default&#8221; global_colors_info=&#8221;{}&#8221;][et_pb_button button_url=&#8221;@ET-DC@eyJkeW5hbWljIjp0cnVlLCJjb250ZW50IjoicG9zdF9saW5rX3VybF9wYWdlIiwic2V0dGluZ3MiOnsicG9zdF9pZCI6IjM3MCJ9fQ==@&#8221; button_text=&#8221;Inant ai sorvisc&#8221; button_alignment=&#8221;center&#8221; _builder_version=&#8221;4.27.4&#8243; _dynamic_attributes=&#8221;button_url&#8221; _module_preset=&#8221;default&#8221; custom_button=&#8221;on&#8221; button_bg_color=&#8221;#D36614&#8243; button_border_color=&#8221;#D36614&#8243; animation_style=&#8221;zoom&#8221; global_colors_info=&#8221;{}&#8221; button_border_color__hover_enabled=&#8221;on|hover&#8221; button_border_color__hover=&#8221;#D36614&#8243; button_bg_color__hover_enabled=&#8221;on|hover&#8221; button_bg_color__hover=&#8221;#D36614&#8243; button_bg_enable_color__hover=&#8221;on&#8221; button_text_color__hover_enabled=&#8221;on|hover&#8221; button_text_color__hover=&#8221;#2B1F1D&#8221;][\/et_pb_button][\/et_pb_column][\/et_pb_row][\/et_pb_section][et_pb_section fb_built=&#8221;1&#8243; _builder_version=&#8221;4.27.4&#8243; _module_preset=&#8221;default&#8221; custom_padding=&#8221;||0px|||&#8221; global_colors_info=&#8221;{}&#8221;][et_pb_row column_structure=&#8221;1_2,1_2&#8243; _builder_version=&#8221;4.27.4&#8243; _module_preset=&#8221;default&#8221; custom_padding=&#8221;||0px|||&#8221; scroll_fade_enable=&#8221;on&#8221; scroll_fade=&#8221;0|50|50|100|0|50%|100&#8243; motion_trigger_start=&#8221;top&#8221; global_colors_info=&#8221;{}&#8221;][et_pb_column type=&#8221;1_2&#8243; _builder_version=&#8221;4.27.4&#8243; _module_preset=&#8221;default&#8221; global_colors_info=&#8221;{}&#8221;][et_pb_text _builder_version=&#8221;4.27.4&#8243; _module_preset=&#8221;default&#8221; header_6_font=&#8221;||||||||&#8221; global_colors_info=&#8221;{}&#8221;]<\/p>\n<h5><\/h5>\n<p><\/p>\n<h2>Paletes &amp; cass\u00ebtes<\/h2>\n<p><\/p>\n<h6><strong><\/strong><\/h6>\n<p><\/p>\n<h5>EPAL o paletes europeiches<\/h5>\n<p><\/p>\n<p>\u00e9 paletes standardisades y azessibles da cater perts cun les mos\u00f6res 80&#215;120. Ares v\u00ebgn tratades termicam\u00ebnter y \u00e9 insci\u00f6 zertificades ISPM15. Tres ch\u00ebsc tratam\u00ebnt termich v\u00ebgnel elimin\u00e9 vigni parassit tl lignan y a ch\u00ebsta manira \u00e9 ch\u00ebstes paletes ince adatades por le trasport al ester.<\/p>\n<p><\/p>\n<p><strong>Mos\u00f6res speziale: <\/strong> I ti dun gran importanza a tr\u00f6pa flessibilit\u00e9 y porch\u00ebl podunse prod\u00fcje vigni sort de paletes sce al \u00e9 le dejider dl cli\u00ebnt.<\/p>\n<p><\/p>\n<p>I desfarenziun:<\/p>\n<p><\/p>\n<ul>\n<li>Paletes a cater perts (azessibles da cater perts p.ej. cun n impironad\u00fa a furcia)<\/li>\n<li>Paletes a d\u00f6es perts (azessibles da d\u00f6es perts p.ej. cun n impironad\u00fa a furcia)<\/li>\n<\/ul>\n<p><\/p>\n<p>Nos sun n\u2019azi\u00ebnda zertificada <strong>FITOK<\/strong> y i podun porch\u00ebl trat\u00e9 termicam\u00ebnter ch\u00ebstes produziuns speziales te nostes ciamenes da sec\u00e9 por che ares corespogn ales normes ISPM15. <\/p>\n<p><\/p>\n<p>&nbsp;<\/p>\n<p><\/p>\n<h5>Cass\u00ebtes<\/h5>\n<p><\/p>\n<p>Pro le material da confezionam\u00ebnt che i produjun, aldel ince cass\u00ebtes de ortiada. Ch\u00ebstes \u00e9 dagnora produziuns speziales y v\u00ebgn prod\u00fctes alad\u00f4 dles mos\u00f6res da pert dl cli\u00ebnt. Tr\u00f6c cli\u00ebnc m\u00ebss por ej\u00ebmpl orti\u00e9 mascins y marcianzes al ester y chir porch\u00ebl na confeziun ideala por s\u00fca marcianza. <\/p>\n<p><\/p>\n<p>Ince te ch\u00ebsc caj\u00e9 \u00e1n ind\u00f4 la poscibilit\u00e9 da trat\u00e9 le material por che al sides adat\u00e9 por l\u2019esportaziun fora dl\u2019Uniun Europeica. <\/p>\n<p>[\/et_pb_text][et_pb_button button_text=&#8221;M\u00ebna na domanda&#8221; button_alignment=&#8221;right&#8221; _builder_version=&#8221;4.27.4&#8243; _module_preset=&#8221;default&#8221; custom_button=&#8221;on&#8221; button_bg_color=&#8221;#D36614&#8243; button_border_color=&#8221;#D36614&#8243; custom_margin=&#8221;50px||||false|false&#8221; animation_style=&#8221;zoom&#8221; global_colors_info=&#8221;{}&#8221; button_border_color__hover_enabled=&#8221;on|hover&#8221; button_border_color__hover=&#8221;#D36614&#8243; button_bg_color__hover_enabled=&#8221;on|hover&#8221; button_bg_color__hover=&#8221;#D36614&#8243; button_bg_enable_color__hover=&#8221;on&#8221; button_text_color__hover_enabled=&#8221;on|hover&#8221; button_text_color__hover=&#8221;#2B1F1D&#8221;][\/et_pb_button][\/et_pb_column][et_pb_column type=&#8221;1_2&#8243; _builder_version=&#8221;4.27.4&#8243; _module_preset=&#8221;default&#8221; global_colors_info=&#8221;{}&#8221;][et_pb_image src=&#8221;http:\/\/166106.web.zcom.it\/wp-content\/uploads\/2025\/02\/paletten_LMG_240919-Rier-117-1.jpg&#8221; title_text=&#8221;paletten_LMG_240919-Rier-117&#8243; _builder_version=&#8221;4.27.4&#8243; _module_preset=&#8221;default&#8221; global_colors_info=&#8221;{}&#8221;][\/et_pb_image][\/et_pb_column][\/et_pb_row][\/et_pb_section][et_pb_section fb_built=&#8221;1&#8243; _builder_version=&#8221;4.27.4&#8243; _module_preset=&#8221;default&#8221; width=&#8221;100%&#8221; custom_padding=&#8221;0px||0px|||&#8221; global_colors_info=&#8221;{}&#8221;][et_pb_row column_structure=&#8221;1_3,1_3,1_3&#8243; use_custom_gutter=&#8221;on&#8221; gutter_width=&#8221;1&#8243; _builder_version=&#8221;4.27.4&#8243; _module_preset=&#8221;default&#8221; width=&#8221;100%&#8221; max_width=&#8221;100vw&#8221; custom_padding=&#8221;0px||0px|||&#8221; global_colors_info=&#8221;{}&#8221;][et_pb_column type=&#8221;1_3&#8243; _builder_version=&#8221;4.27.4&#8243; _module_preset=&#8221;default&#8221; global_colors_info=&#8221;{}&#8221;][et_pb_image src=&#8221;http:\/\/166106.web.zcom.it\/wp-content\/uploads\/2025\/02\/paletten_LMG_240919-Rier-180.jpg&#8221; title_text=&#8221;paletten_LMG_240919-Rier-180&#8243; show_in_lightbox=&#8221;on&#8221; _builder_version=&#8221;4.27.4&#8243; _module_preset=&#8221;default&#8221; global_colors_info=&#8221;{}&#8221;][\/et_pb_image][\/et_pb_column][et_pb_column type=&#8221;1_3&#8243; _builder_version=&#8221;4.27.4&#8243; _module_preset=&#8221;default&#8221; global_colors_info=&#8221;{}&#8221;][et_pb_image src=&#8221;http:\/\/166106.web.zcom.it\/wp-content\/uploads\/2025\/02\/paletten_LMG_240919-Rier-179.jpg&#8221; title_text=&#8221;paletten_LMG_240919-Rier-179&#8243; show_in_lightbox=&#8221;on&#8221; _builder_version=&#8221;4.27.4&#8243; _module_preset=&#8221;default&#8221; global_colors_info=&#8221;{}&#8221;][\/et_pb_image][\/et_pb_column][et_pb_column type=&#8221;1_3&#8243; _builder_version=&#8221;4.27.4&#8243; _module_preset=&#8221;default&#8221; global_colors_info=&#8221;{}&#8221;][et_pb_image src=&#8221;http:\/\/166106.web.zcom.it\/wp-content\/uploads\/2025\/02\/paletten_LMG_240919-Rier-178-1.jpg&#8221; title_text=&#8221;paletten_LMG_240919-Rier-178&#8243; show_in_lightbox=&#8221;on&#8221; _builder_version=&#8221;4.27.4&#8243; _module_preset=&#8221;default&#8221; global_colors_info=&#8221;{}&#8221;][\/et_pb_image][\/et_pb_column][\/et_pb_row][\/et_pb_section]<\/p>\n","protected":false},"excerpt":{"rendered":"<p>gestiun familiara. sostignibl. unich.Dal bosch cina al\u2019abitaziunLersc, peci\u00f3, cier y pinchNos de Rier Holz laurun s\u00f6 l\u00ebgn da odlagn de gran cualit\u00e9 y regional y I pitun soluziuns individuales por le boj\u00ebgn di laurs da zumprad\u00fa. Nosc sortim\u00ebnt tol ite l\u00ebgn massif y d\u2019intai sci\u00f6che br\u00ebies frontales, taflad\u00f6res groies, lates de vigni sort y br\u00ebies [&hellip;]<\/p>\n","protected":false},"author":1,"featured_media":0,"parent":0,"menu_order":30,"comment_status":"closed","ping_status":"closed","template":"","meta":{"_et_pb_use_builder":"on","_et_pb_old_content":"","_et_gb_content_width":"","footnotes":""},"class_list":["post-743","page","type-page","status-publish","hentry"],"_links":{"self":[{"href":"https:\/\/www.rier.it\/ld\/wp-json\/wp\/v2\/pages\/743","targetHints":{"allow":["GET"]}}],"collection":[{"href":"https:\/\/www.rier.it\/ld\/wp-json\/wp\/v2\/pages"}],"about":[{"href":"https:\/\/www.rier.it\/ld\/wp-json\/wp\/v2\/types\/page"}],"author":[{"embeddable":true,"href":"https:\/\/www.rier.it\/ld\/wp-json\/wp\/v2\/users\/1"}],"replies":[{"embeddable":true,"href":"https:\/\/www.rier.it\/ld\/wp-json\/wp\/v2\/comments?post=743"}],"version-history":[{"count":4,"href":"https:\/\/www.rier.it\/ld\/wp-json\/wp\/v2\/pages\/743\/revisions"}],"predecessor-version":[{"id":958,"href":"https:\/\/www.rier.it\/ld\/wp-json\/wp\/v2\/pages\/743\/revisions\/958"}],"wp:attachment":[{"href":"https:\/\/www.rier.it\/ld\/wp-json\/wp\/v2\/media?parent=743"}],"curies":[{"name":"wp","href":"https:\/\/api.w.org\/{rel}","templated":true}]}}